{"id":4258,"date":"2016-02-05T00:20:28","date_gmt":"2016-02-04T22:20:28","guid":{"rendered":"http:\/\/devbella.dev\/shop\/meistriklassi-sertifikaat-2\/"},"modified":"2020-11-06T15:41:37","modified_gmt":"2020-11-06T13:41:37","slug":"meistriklassi-sertifikaat","status":"publish","type":"product","link":"https:\/\/bellapierre.ee\/en\/product\/meistriklassi-sertifikaat\/","title":{"rendered":"Meistriklassi sertifikaat"},"content":{"rendered":"<p style=\"text-align: left\"><strong>Kursus &#8220;Daamidele 40+&#8221;<\/strong><\/p>\n<p style=\"text-align: left\"><strong>\u00abBellapierre vananemisvastane meik pinguldava m\u00f5juga\u00bb<\/strong><\/p>\n<p style=\"text-align: justify\"><strong>Meistriklass sisaldab:<\/strong> individuaalne l\u00e4henemine nahahoolduses, meigieemaldus, \u043d\u0430\u043d\u0435\u0441\u0435\u043d\u0438\u0435 \u0431\u0430\u0437\u043e\u0432\u044b\u0445 \u0441\u0440\u0435\u0434\u0441\u0442\u0432, n\u00e4okuju korrigeerimine modelleerimise abil, sobivate v\u00e4rvitoonide valik, kulmude korrigeerimine,sobivat tooni \u00a0jumestusp\u00f5hja ja korrektori valimine, \u0440\u0430\u0441\u0442\u0443\u0448\u0435\u0432\u043a\u0430 \u0433\u043b\u0430\u0437, n\u00e4o ja huulte korrigeerimine, huulepulga valimine ja nipid peale kandmiseks.<\/p>\n<p style=\"text-align: justify\">Teades saladusi vananemisvastase meigi kohta, on Sul v\u00f5imalus luua endale t\u00e4iesti uus v\u00e4limus. Bellapierre kursusel saad nii teadmised kui ka praktika, kuidas n\u00e4ha v\u00e4lja alati oma tegelikust east noorem, s\u00e4ilitades samal ajal naturaalsuse ning naiselikkuse.<\/p>\n<p><em>Meistriklass toimub nii individuaalse koolitusena kui ka v\u00e4ikestele gruppidele.<\/em><\/p>\n<p><strong> 48<em>\u20ac<\/em> (Teooria + n\u00e4idismeik koos seletuste ja \u00f5petustega!)<\/strong><\/p>\n<p>NB! K\u00f5igil kursusel osalejatel on v\u00f5imalik koolituskulud hiljem arvata maha oma aasta tuludest, st taotleda tulumaksutagastust.<\/p>\n<p><strong>Tule kursustele koos s\u00f5brannaga ja saate m\u00f5lemad kursuse 10% odavamalt!<\/strong><\/p>\n<p>Kursused toimuvad laup\u00e4eviti ja p\u00fchap\u00e4eviti. Kellaaeg: 11.00 kuni 14.00.<\/p>\n<p>Kursuse maht: 1 p\u00e4ev &#8211; 3 tundi.<\/p>\n<p>Kursusel osalejatele kehtib 10% allahindlus Bellapierre mineraalkosmeetikale koolituse p\u00e4eval.<\/p>\n<p>Registreeru kursusele v\u00f5i k\u00fcsi lisainfot tel. 55500495 v\u00f5i mineral.project@gmail.com.<\/p>\n<p><strong>&#8220;Spetsiaalsed efektid Bellapierre meigis&#8221;<\/strong><\/p>\n<p>\u201eKuidas v\u00e4lja n\u00e4ha efektne ning jalustrabav ballil, tantsu\u00f5htul ja diskosaalis?\u201c<\/p>\n<p>Kuidas saavutada pikemad ripsmed? Kuidas joonistada ahvatlevaid huuli?<\/p>\n<p>Kuidas ja kus kasutada kivikesi ja glitterid?<\/p>\n<p>K\u00f5ike seda saate teada meie kursusel ning mitte ainult ei saa teada, vaid \u00f5pite k\u00f5ike ka ise tegema!<\/p>\n<p><strong>35<em>\u20ac<\/em>\u00a0<\/strong><\/p>\n<p>NB! K\u00f5igil kursusel osalejatel on v\u00f5imalik koolituskulud hiljem arvata maha oma aasta tuludest, st taotleda tulumaksutagastust.<\/p>\n<p>Tule kursustele koos s\u00f5brannaga ja saate m\u00f5lemad kursuse 10% odavamalt!<\/p>\n<p>Kursused toimuvad laup\u00e4eviti ja p\u00fchap\u00e4eviti.<\/p>\n<p>Kursuse maht: 1 p\u00e4ev &#8211; 3 tundi. Kellaaeg: 11.00 kuni 14.00.<\/p>\n<p>Kursusel osalejatele kehtib 10% allahindlus Bellapierre mineraalkosmeetikale koolituse p\u00e4eval.<\/p>\n<p>Registreeru kursusele v\u00f5i k\u00fcsi lisainfot tel. 55500495 v\u00f5i mineral.project@gmail.com.<\/p>\n","protected":false},"excerpt":{"rendered":"<p>Kursus &#8220;Daamidele 40+&#8221; \u00abBellapierre vananemisvastane meik pinguldava m\u00f5juga\u00bb Meistriklass sisaldab: individuaalne l\u00e4henemine nahahoolduses, meigieemaldus, \u043d\u0430\u043d\u0435\u0441\u0435\u043d\u0438\u0435 \u0431\u0430\u0437\u043e\u0432\u044b\u0445 \u0441\u0440\u0435\u0434\u0441\u0442\u0432, n\u00e4okuju korrigeerimine modelleerimise abil, sobivate v\u00e4rvitoonide valik, kulmude korrigeerimine,sobivat tooni \u00a0jumestusp\u00f5hja ja korrektori valimine, \u0440\u0430\u0441\u0442\u0443\u0448\u0435\u0432\u043a\u0430 \u0433\u043b\u0430\u0437, n\u00e4o ja huulte korrigeerimine, huulepulga valimine ja nipid peale kandmiseks. Teades saladusi vananemisvastase meigi kohta, on Sul v\u00f5imalus luua endale t\u00e4iesti uus v\u00e4limus. Bellapierre kursusel saad nii [&hellip;]<\/p>\n","protected":false},"featured_media":23969,"comment_status":"open","ping_status":"closed","template":"","meta":[],"product_cat":[361,381],"product_tag":[],"class_list":{"0":"post-4258","1":"product","2":"type-product","3":"status-publish","4":"has-post-thumbnail","6":"product_cat-gift-en","7":"product_cat-new-en","8":"tm-has-styled-variations","9":"tm-no-options","11":"first","12":"instock","13":"taxable","14":"shipping-taxable","15":"purchasable","16":"product-type-variable"},"_links":{"self":[{"href":"https:\/\/bellapierre.ee\/en\/wp-json\/wp\/v2\/product\/4258","targetHints":{"allow":["GET"]}}],"collection":[{"href":"https:\/\/bellapierre.ee\/en\/wp-json\/wp\/v2\/product"}],"about":[{"href":"https:\/\/bellapierre.ee\/en\/wp-json\/wp\/v2\/types\/product"}],"replies":[{"embeddable":true,"href":"https:\/\/bellapierre.ee\/en\/wp-json\/wp\/v2\/comments?post=4258"}],"wp:featuredmedia":[{"embeddable":true,"href":"https:\/\/bellapierre.ee\/en\/wp-json\/wp\/v2\/media\/23969"}],"wp:attachment":[{"href":"https:\/\/bellapierre.ee\/en\/wp-json\/wp\/v2\/media?parent=4258"}],"wp:term":[{"taxonomy":"product_cat","embeddable":true,"href":"https:\/\/bellapierre.ee\/en\/wp-json\/wp\/v2\/product_cat?post=4258"},{"taxonomy":"product_tag","embeddable":true,"href":"https:\/\/bellapierre.ee\/en\/wp-json\/wp\/v2\/product_tag?post=4258"}],"curies":[{"name":"wp","href":"https:\/\/api.w.org\/{rel}","templated":true}]}}